{"id":20117,"date":"2025-02-16T08:33:31","date_gmt":"2025-02-16T08:33:31","guid":{"rendered":"https:\/\/marvellousvillas.com\/havaalani-transferleri\/"},"modified":"2025-02-25T08:39:11","modified_gmt":"2025-02-25T08:39:11","slug":"havaalani-transferleri","status":"publish","type":"page","link":"https:\/\/marvellousvillas.com\/tr\/havaalani-transferleri\/","title":{"rendered":"Havaalan\u0131 Transferleri"},"content":{"rendered":"\n<p class=\"has-medium-font-size\"><strong>Antalya <\/strong>ve <strong>Dalaman <\/strong>havalimanlar\u0131ndan havaliman\u0131 transferlerinizde size yard\u0131mc\u0131 olmak i\u00e7in buraday\u0131z. L\u00fctfen <a href=\"https:\/\/marvellousvillas.com\/contact\/\"><strong>Bize ula\u015f\u0131n<\/strong><\/a>!<\/p>\n\n<p><\/p>\n\n<figure class=\"wp-block-image size-large is-style-default\"><a href=\"https:\/\/marvellousvillas.com\/wp-content\/uploads\/airport.jpg\"><img fetchpriority=\"high\" decoding=\"async\" width=\"1024\" height=\"768\" src=\"https:\/\/marvellousvillas.com\/wp-content\/uploads\/airport-1024x768.jpg\" alt=\"\" class=\"wp-image-19397\" srcset=\"https:\/\/marvellousvillas.com\/wp-content\/uploads\/airport-1024x768.jpg 1024w, https:\/\/marvellousvillas.com\/wp-content\/uploads\/airport-300x225.jpg 300w, https:\/\/marvellousvillas.com\/wp-content\/uploads\/airport-768x576.jpg 768w, https:\/\/marvellousvillas.com\/wp-content\/uploads\/airport-600x450.jpg 600w, https:\/\/marvellousvillas.com\/wp-content\/uploads\/airport.jpg 1365w\" sizes=\"(max-width: 1024px) 100vw, 1024px\" \/><\/a><\/figure>\n","protected":false},"excerpt":{"rendered":"<p>Antalya ve Dalaman havalimanlar\u0131ndan havaliman\u0131 transferlerinizde size yard\u0131mc\u0131 olmak i\u00e7in buraday\u0131z. L\u00fctfen Bize ula\u015f\u0131n!<\/p>\n","protected":false},"author":1,"featured_media":0,"parent":0,"menu_order":0,"comment_status":"closed","ping_status":"closed","template":"","meta":{"inline_featured_image":false,"footnotes":""},"class_list":["post-20117","page","type-page","status-publish","hentry"],"yoast_head":"<!-- This site is optimized with the Yoast SEO plugin v27.5 - https:\/\/yoast.com\/product\/yoast-seo-wordpress\/ -->\n<title>Havaalan\u0131 Transferleri - Kalkan Marvellous Villas<\/title>\n<meta name=\"robots\" content=\"index, follow, max-snippet:-1, max-image-preview:large, max-video-preview:-1\" \/>\n<link rel=\"canonical\" href=\"https:\/\/marvellousvillas.com\/tr\/havaalani-transferleri\/\" \/>\n<meta property=\"og:locale\" content=\"tr_TR\" \/>\n<meta property=\"og:type\" content=\"article\" \/>\n<meta property=\"og:title\" content=\"Havaalan\u0131 Transferleri - Kalkan Marvellous Villas\" \/>\n<meta property=\"og:description\" content=\"Antalya ve Dalaman havalimanlar\u0131ndan havaliman\u0131 transferlerinizde size yard\u0131mc\u0131 olmak i\u00e7in buraday\u0131z. L\u00fctfen Bize ula\u015f\u0131n!\" \/>\n<meta property=\"og:url\" content=\"https:\/\/marvellousvillas.com\/tr\/havaalani-transferleri\/\" \/>\n<meta property=\"og:site_name\" content=\"Kalkan Marvellous Villas\" \/>\n<meta property=\"article:publisher\" content=\"https:\/\/www.facebook.com\/share\/19eZvQNkf5\/\" \/>\n<meta property=\"article:modified_time\" content=\"2025-02-25T08:39:11+00:00\" \/>\n<meta property=\"og:image\" content=\"https:\/\/marvellousvillas.com\/wp-content\/uploads\/airport-1024x768.jpg\" \/>\n<meta name=\"twitter:card\" content=\"summary_large_image\" \/>\n<meta name=\"twitter:site\" content=\"@kalkans_villas\" \/>\n<script type=\"application\/ld+json\" class=\"yoast-schema-graph\">{\"@context\":\"https:\\\/\\\/schema.org\",\"@graph\":[{\"@type\":\"WebPage\",\"@id\":\"https:\\\/\\\/marvellousvillas.com\\\/tr\\\/havaalani-transferleri\\\/\",\"url\":\"https:\\\/\\\/marvellousvillas.com\\\/tr\\\/havaalani-transferleri\\\/\",\"name\":\"Havaalan\u0131 Transferleri - Kalkan Marvellous Villas\",\"isPartOf\":{\"@id\":\"https:\\\/\\\/marvellousvillas.com\\\/tr\\\/#website\"},\"primaryImageOfPage\":{\"@id\":\"https:\\\/\\\/marvellousvillas.com\\\/tr\\\/havaalani-transferleri\\\/#primaryimage\"},\"image\":{\"@id\":\"https:\\\/\\\/marvellousvillas.com\\\/tr\\\/havaalani-transferleri\\\/#primaryimage\"},\"thumbnailUrl\":\"https:\\\/\\\/marvellousvillas.com\\\/wp-content\\\/uploads\\\/airport-1024x768.jpg\",\"datePublished\":\"2025-02-16T08:33:31+00:00\",\"dateModified\":\"2025-02-25T08:39:11+00:00\",\"breadcrumb\":{\"@id\":\"https:\\\/\\\/marvellousvillas.com\\\/tr\\\/havaalani-transferleri\\\/#breadcrumb\"},\"inLanguage\":\"tr\",\"potentialAction\":[{\"@type\":\"ReadAction\",\"target\":[\"https:\\\/\\\/marvellousvillas.com\\\/tr\\\/havaalani-transferleri\\\/\"]}]},{\"@type\":\"ImageObject\",\"inLanguage\":\"tr\",\"@id\":\"https:\\\/\\\/marvellousvillas.com\\\/tr\\\/havaalani-transferleri\\\/#primaryimage\",\"url\":\"https:\\\/\\\/marvellousvillas.com\\\/wp-content\\\/uploads\\\/airport-1024x768.jpg\",\"contentUrl\":\"https:\\\/\\\/marvellousvillas.com\\\/wp-content\\\/uploads\\\/airport-1024x768.jpg\"},{\"@type\":\"BreadcrumbList\",\"@id\":\"https:\\\/\\\/marvellousvillas.com\\\/tr\\\/havaalani-transferleri\\\/#breadcrumb\",\"itemListElement\":[{\"@type\":\"ListItem\",\"position\":1,\"name\":\"Home\",\"item\":\"https:\\\/\\\/marvellousvillas.com\\\/tr\\\/\"},{\"@type\":\"ListItem\",\"position\":2,\"name\":\"Havaalan\u0131 Transferleri\"}]},{\"@type\":\"WebSite\",\"@id\":\"https:\\\/\\\/marvellousvillas.com\\\/tr\\\/#website\",\"url\":\"https:\\\/\\\/marvellousvillas.com\\\/tr\\\/\",\"name\":\"Kalkan Marvellous Villas\",\"description\":\"Ultimate Comfort and Luxury\",\"publisher\":{\"@id\":\"https:\\\/\\\/marvellousvillas.com\\\/tr\\\/#organization\"},\"potentialAction\":[{\"@type\":\"SearchAction\",\"target\":{\"@type\":\"EntryPoint\",\"urlTemplate\":\"https:\\\/\\\/marvellousvillas.com\\\/tr\\\/?s={search_term_string}\"},\"query-input\":{\"@type\":\"PropertyValueSpecification\",\"valueRequired\":true,\"valueName\":\"search_term_string\"}}],\"inLanguage\":\"tr\"},{\"@type\":\"Organization\",\"@id\":\"https:\\\/\\\/marvellousvillas.com\\\/tr\\\/#organization\",\"name\":\"Kalkan Majestic Villas\",\"url\":\"https:\\\/\\\/marvellousvillas.com\\\/tr\\\/\",\"logo\":{\"@type\":\"ImageObject\",\"inLanguage\":\"tr\",\"@id\":\"https:\\\/\\\/marvellousvillas.com\\\/tr\\\/#\\\/schema\\\/logo\\\/image\\\/\",\"url\":\"https:\\\/\\\/marvellousvillas.com\\\/wp-content\\\/uploads\\\/logo_kalkanmajesticvillas_black.png\",\"contentUrl\":\"https:\\\/\\\/marvellousvillas.com\\\/wp-content\\\/uploads\\\/logo_kalkanmajesticvillas_black.png\",\"width\":1765,\"height\":436,\"caption\":\"Kalkan Majestic Villas\"},\"image\":{\"@id\":\"https:\\\/\\\/marvellousvillas.com\\\/tr\\\/#\\\/schema\\\/logo\\\/image\\\/\"},\"sameAs\":[\"https:\\\/\\\/www.facebook.com\\\/share\\\/19eZvQNkf5\\\/\",\"https:\\\/\\\/x.com\\\/kalkans_villas\"]}]}<\/script>\n<!-- \/ Yoast SEO plugin. -->","yoast_head_json":{"title":"Havaalan\u0131 Transferleri - Kalkan Marvellous Villas","robots":{"index":"index","follow":"follow","max-snippet":"max-snippet:-1","max-image-preview":"max-image-preview:large","max-video-preview":"max-video-preview:-1"},"canonical":"https:\/\/marvellousvillas.com\/tr\/havaalani-transferleri\/","og_locale":"tr_TR","og_type":"article","og_title":"Havaalan\u0131 Transferleri - Kalkan Marvellous Villas","og_description":"Antalya ve Dalaman havalimanlar\u0131ndan havaliman\u0131 transferlerinizde size yard\u0131mc\u0131 olmak i\u00e7in buraday\u0131z. L\u00fctfen Bize ula\u015f\u0131n!","og_url":"https:\/\/marvellousvillas.com\/tr\/havaalani-transferleri\/","og_site_name":"Kalkan Marvellous Villas","article_publisher":"https:\/\/www.facebook.com\/share\/19eZvQNkf5\/","article_modified_time":"2025-02-25T08:39:11+00:00","og_image":[{"url":"https:\/\/marvellousvillas.com\/wp-content\/uploads\/airport-1024x768.jpg","type":"","width":"","height":""}],"twitter_card":"summary_large_image","twitter_site":"@kalkans_villas","schema":{"@context":"https:\/\/schema.org","@graph":[{"@type":"WebPage","@id":"https:\/\/marvellousvillas.com\/tr\/havaalani-transferleri\/","url":"https:\/\/marvellousvillas.com\/tr\/havaalani-transferleri\/","name":"Havaalan\u0131 Transferleri - Kalkan Marvellous Villas","isPartOf":{"@id":"https:\/\/marvellousvillas.com\/tr\/#website"},"primaryImageOfPage":{"@id":"https:\/\/marvellousvillas.com\/tr\/havaalani-transferleri\/#primaryimage"},"image":{"@id":"https:\/\/marvellousvillas.com\/tr\/havaalani-transferleri\/#primaryimage"},"thumbnailUrl":"https:\/\/marvellousvillas.com\/wp-content\/uploads\/airport-1024x768.jpg","datePublished":"2025-02-16T08:33:31+00:00","dateModified":"2025-02-25T08:39:11+00:00","breadcrumb":{"@id":"https:\/\/marvellousvillas.com\/tr\/havaalani-transferleri\/#breadcrumb"},"inLanguage":"tr","potentialAction":[{"@type":"ReadAction","target":["https:\/\/marvellousvillas.com\/tr\/havaalani-transferleri\/"]}]},{"@type":"ImageObject","inLanguage":"tr","@id":"https:\/\/marvellousvillas.com\/tr\/havaalani-transferleri\/#primaryimage","url":"https:\/\/marvellousvillas.com\/wp-content\/uploads\/airport-1024x768.jpg","contentUrl":"https:\/\/marvellousvillas.com\/wp-content\/uploads\/airport-1024x768.jpg"},{"@type":"BreadcrumbList","@id":"https:\/\/marvellousvillas.com\/tr\/havaalani-transferleri\/#breadcrumb","itemListElement":[{"@type":"ListItem","position":1,"name":"Home","item":"https:\/\/marvellousvillas.com\/tr\/"},{"@type":"ListItem","position":2,"name":"Havaalan\u0131 Transferleri"}]},{"@type":"WebSite","@id":"https:\/\/marvellousvillas.com\/tr\/#website","url":"https:\/\/marvellousvillas.com\/tr\/","name":"Kalkan Marvellous Villas","description":"Ultimate Comfort and Luxury","publisher":{"@id":"https:\/\/marvellousvillas.com\/tr\/#organization"},"potentialAction":[{"@type":"SearchAction","target":{"@type":"EntryPoint","urlTemplate":"https:\/\/marvellousvillas.com\/tr\/?s={search_term_string}"},"query-input":{"@type":"PropertyValueSpecification","valueRequired":true,"valueName":"search_term_string"}}],"inLanguage":"tr"},{"@type":"Organization","@id":"https:\/\/marvellousvillas.com\/tr\/#organization","name":"Kalkan Majestic Villas","url":"https:\/\/marvellousvillas.com\/tr\/","logo":{"@type":"ImageObject","inLanguage":"tr","@id":"https:\/\/marvellousvillas.com\/tr\/#\/schema\/logo\/image\/","url":"https:\/\/marvellousvillas.com\/wp-content\/uploads\/logo_kalkanmajesticvillas_black.png","contentUrl":"https:\/\/marvellousvillas.com\/wp-content\/uploads\/logo_kalkanmajesticvillas_black.png","width":1765,"height":436,"caption":"Kalkan Majestic Villas"},"image":{"@id":"https:\/\/marvellousvillas.com\/tr\/#\/schema\/logo\/image\/"},"sameAs":["https:\/\/www.facebook.com\/share\/19eZvQNkf5\/","https:\/\/x.com\/kalkans_villas"]}]}},"_links":{"self":[{"href":"https:\/\/marvellousvillas.com\/tr\/wp-json\/wp\/v2\/pages\/20117","targetHints":{"allow":["GET"]}}],"collection":[{"href":"https:\/\/marvellousvillas.com\/tr\/wp-json\/wp\/v2\/pages"}],"about":[{"href":"https:\/\/marvellousvillas.com\/tr\/wp-json\/wp\/v2\/types\/page"}],"author":[{"embeddable":true,"href":"https:\/\/marvellousvillas.com\/tr\/wp-json\/wp\/v2\/users\/1"}],"replies":[{"embeddable":true,"href":"https:\/\/marvellousvillas.com\/tr\/wp-json\/wp\/v2\/comments?post=20117"}],"version-history":[{"count":4,"href":"https:\/\/marvellousvillas.com\/tr\/wp-json\/wp\/v2\/pages\/20117\/revisions"}],"predecessor-version":[{"id":20135,"href":"https:\/\/marvellousvillas.com\/tr\/wp-json\/wp\/v2\/pages\/20117\/revisions\/20135"}],"wp:attachment":[{"href":"https:\/\/marvellousvillas.com\/tr\/wp-json\/wp\/v2\/media?parent=20117"}],"curies":[{"name":"wp","href":"https:\/\/api.w.org\/{rel}","templated":true}]}}