{"id":20107,"date":"2025-02-16T08:31:35","date_gmt":"2025-02-16T08:31:35","guid":{"rendered":"https:\/\/marvellousvillas.com\/hakkimizda\/"},"modified":"2025-04-27T08:42:14","modified_gmt":"2025-04-27T08:42:14","slug":"hakkimizda","status":"publish","type":"page","link":"https:\/\/marvellousvillas.com\/tr\/hakkimizda\/","title":{"rendered":"Hakk\u0131m\u0131zda"},"content":{"rendered":"\n<p style=\"font-size:17px\">Marvellous Kalkan&#8217;\u0131m\u0131za ho\u015f geldiniz!<\/p>\n\n<p style=\"font-size:17px\">Sizi, Kalkan Marvellous Villas ile nihai konforu ve l\u00fcks\u00fc deneyimlemeye davet ediyoruz. Kalkan&#8217;\u0131n muazzam \u00e7evresinde, g\u00fcney-bat\u0131 T\u00fcrkiye&#8217;de benzersiz bir tatil deneyimi sunuyoruz. M\u00fckemmel ka\u00e7ama\u011f\u0131n\u0131z burada ba\u015fl\u0131yor.<\/p>\n\n<p style=\"font-size:17px\">Marvellous Construction Ltd., 2014 y\u0131l\u0131ndan beri kurulmu\u015f olan bir aile \u015firketidir. Kalkan&#8217;da tan\u0131nan ve g\u00fcvenilen bir in\u015faat ve villa bak\u0131m \u015firketidir.<\/p>\n\n<p style=\"font-size:17px\">Ben, Bilen Yenici, 2007 y\u0131l\u0131nda e\u015fim Esra Yenici ile birlikte Almanya&#8217;n\u0131n M\u00fcnih \u015fehrinden ABD&#8217;ye g\u00f6\u00e7 ettim. \u0130kimiz de T\u00fcrk k\u00f6kenliyiz. Amerika&#8217;da kendi lojistik \u015firketimi kurmu\u015ftum ve Esra, M\u00fcnih Eyalet Ba\u015fkenti&#8217;ndeki Yabanc\u0131 Dil Enstit\u00fcs\u00fc&#8217;nde \u0130ngilizce\/Frans\u0131zca\/Almanca Ekonomik \u00c7evirileri okumu\u015ftu.<\/p>\n\n<p style=\"font-size:17px\">M\u00fc\u015fteri memnuniyetini en y\u00fcksek standartlarda anlamak ve \u00f6\u011frenmek i\u00e7in, Haute-Nendaz (\u0130svi\u00e7re, Kanton), Les-Arcs (Fransa, Savoie) ve Samoens (Fransa&#8217;n\u0131n G\u00fcneydo\u011fu Auvergne-Rh\u00f4ne-Alpes b\u00f6lgesi) kayak tatil k\u00f6ylerinde y\u00f6netim pozisyonlar\u0131nda \u00e7al\u0131\u015ft\u0131k.<\/p>\n\n<p style=\"font-size:17px\">Bir\u00e7ok y\u0131l nitelikli i\u015flerde \u00e7al\u0131\u015ft\u0131ktan sonra, yeni ve zorlu bir \u015fey denemeye karar verdik ve ailemizi yeti\u015ftirmek i\u00e7in yerle\u015fmeye karar verdik. \u0130\u015fte o zaman &#8220;Cennet&#8221; Kalkan&#8217;\u0131 ke\u015ffettik.<\/p>\n\n<p style=\"font-size:17px\">Kalkan&#8217;da ba\u015far\u0131l\u0131 restoranlar y\u00f6nettik ve in\u015faat ve emlak sekt\u00f6r\u00fcne ad\u0131m att\u0131k. Proje y\u00f6neticisi lisans\u0131m ve deneyimimle, Kalkan&#8217;da l\u00fcks villalar in\u015fa ettim ve bu villalar\u0131 y\u0131llard\u0131r sat\u0131p kiral\u0131yoruz.<\/p>\n\n<p style=\"font-size:17px\">\u015eirket portf\u00f6y\u00fcm\u00fcz, emlak geli\u015ftirme, emlak y\u00f6netimi ve bak\u0131m\u0131, villa kiralamalar\u0131 ve d\u0131\u015f mekan catering hizmetlerini i\u00e7ermektedir.<\/p>\n\n<p style=\"font-size:17px\">Genel olarak, misafirlerimize Marvellous Kalkan&#8217;daki hak ettikleri tatillerinde en y\u00fcksek hizmet ve kalite deneyimini sunmaktan memnuniyet duyuyoruz.<\/p>\n","protected":false},"excerpt":{"rendered":"<p>Marvellous Kalkan&#8217;\u0131m\u0131za ho\u015f geldiniz! Sizi, Kalkan Marvellous Villas ile nihai konforu ve l\u00fcks\u00fc deneyimlemeye davet ediyoruz. Kalkan&#8217;\u0131n muazzam \u00e7evresinde, g\u00fcney-bat\u0131 T\u00fcrkiye&#8217;de benzersiz bir tatil deneyimi sunuyoruz. M\u00fckemmel ka\u00e7ama\u011f\u0131n\u0131z burada ba\u015fl\u0131yor. Marvellous Construction Ltd., 2014 y\u0131l\u0131ndan beri kurulmu\u015f olan bir aile \u015firketidir. Kalkan&#8217;da tan\u0131nan ve g\u00fcvenilen bir in\u015faat ve villa bak\u0131m \u015firketidir. Ben, Bilen Yenici, 2007 &#8230;<\/p>\n","protected":false},"author":1,"featured_media":0,"parent":0,"menu_order":0,"comment_status":"closed","ping_status":"closed","template":"","meta":{"inline_featured_image":false,"footnotes":""},"class_list":["post-20107","page","type-page","status-publish","hentry"],"yoast_head":"<!-- This site is optimized with the Yoast SEO plugin v27.5 - https:\/\/yoast.com\/product\/yoast-seo-wordpress\/ -->\n<title>Hakk\u0131m\u0131zda - Kalkan Marvellous Villas<\/title>\n<meta name=\"robots\" content=\"index, follow, max-snippet:-1, max-image-preview:large, max-video-preview:-1\" \/>\n<link rel=\"canonical\" href=\"https:\/\/marvellousvillas.com\/tr\/hakkimizda\/\" \/>\n<meta property=\"og:locale\" content=\"tr_TR\" \/>\n<meta property=\"og:type\" content=\"article\" \/>\n<meta property=\"og:title\" content=\"Hakk\u0131m\u0131zda - Kalkan Marvellous Villas\" \/>\n<meta property=\"og:description\" content=\"Marvellous Kalkan&#8217;\u0131m\u0131za ho\u015f geldiniz! Sizi, Kalkan Marvellous Villas ile nihai konforu ve l\u00fcks\u00fc deneyimlemeye davet ediyoruz. Kalkan&#8217;\u0131n muazzam \u00e7evresinde, g\u00fcney-bat\u0131 T\u00fcrkiye&#8217;de benzersiz bir tatil deneyimi sunuyoruz. M\u00fckemmel ka\u00e7ama\u011f\u0131n\u0131z burada ba\u015fl\u0131yor. Marvellous Construction Ltd., 2014 y\u0131l\u0131ndan beri kurulmu\u015f olan bir aile \u015firketidir. Kalkan&#8217;da tan\u0131nan ve g\u00fcvenilen bir in\u015faat ve villa bak\u0131m \u015firketidir. Ben, Bilen Yenici, 2007 ...\" \/>\n<meta property=\"og:url\" content=\"https:\/\/marvellousvillas.com\/tr\/hakkimizda\/\" \/>\n<meta property=\"og:site_name\" content=\"Kalkan Marvellous Villas\" \/>\n<meta property=\"article:publisher\" content=\"https:\/\/www.facebook.com\/share\/19eZvQNkf5\/\" \/>\n<meta property=\"article:modified_time\" content=\"2025-04-27T08:42:14+00:00\" \/>\n<meta name=\"twitter:card\" content=\"summary_large_image\" \/>\n<meta name=\"twitter:site\" content=\"@kalkans_villas\" \/>\n<meta name=\"twitter:label1\" content=\"Tahmini okuma s\u00fcresi\" \/>\n\t<meta name=\"twitter:data1\" content=\"2 dakika\" \/>\n<script type=\"application\/ld+json\" class=\"yoast-schema-graph\">{\"@context\":\"https:\\\/\\\/schema.org\",\"@graph\":[{\"@type\":\"WebPage\",\"@id\":\"https:\\\/\\\/marvellousvillas.com\\\/tr\\\/hakkimizda\\\/\",\"url\":\"https:\\\/\\\/marvellousvillas.com\\\/tr\\\/hakkimizda\\\/\",\"name\":\"Hakk\u0131m\u0131zda - Kalkan Marvellous Villas\",\"isPartOf\":{\"@id\":\"https:\\\/\\\/marvellousvillas.com\\\/tr\\\/#website\"},\"datePublished\":\"2025-02-16T08:31:35+00:00\",\"dateModified\":\"2025-04-27T08:42:14+00:00\",\"breadcrumb\":{\"@id\":\"https:\\\/\\\/marvellousvillas.com\\\/tr\\\/hakkimizda\\\/#breadcrumb\"},\"inLanguage\":\"tr\",\"potentialAction\":[{\"@type\":\"ReadAction\",\"target\":[\"https:\\\/\\\/marvellousvillas.com\\\/tr\\\/hakkimizda\\\/\"]}]},{\"@type\":\"BreadcrumbList\",\"@id\":\"https:\\\/\\\/marvellousvillas.com\\\/tr\\\/hakkimizda\\\/#breadcrumb\",\"itemListElement\":[{\"@type\":\"ListItem\",\"position\":1,\"name\":\"Home\",\"item\":\"https:\\\/\\\/marvellousvillas.com\\\/tr\\\/\"},{\"@type\":\"ListItem\",\"position\":2,\"name\":\"Hakk\u0131m\u0131zda\"}]},{\"@type\":\"WebSite\",\"@id\":\"https:\\\/\\\/marvellousvillas.com\\\/tr\\\/#website\",\"url\":\"https:\\\/\\\/marvellousvillas.com\\\/tr\\\/\",\"name\":\"Kalkan Marvellous Villas\",\"description\":\"Ultimate Comfort and Luxury\",\"publisher\":{\"@id\":\"https:\\\/\\\/marvellousvillas.com\\\/tr\\\/#organization\"},\"potentialAction\":[{\"@type\":\"SearchAction\",\"target\":{\"@type\":\"EntryPoint\",\"urlTemplate\":\"https:\\\/\\\/marvellousvillas.com\\\/tr\\\/?s={search_term_string}\"},\"query-input\":{\"@type\":\"PropertyValueSpecification\",\"valueRequired\":true,\"valueName\":\"search_term_string\"}}],\"inLanguage\":\"tr\"},{\"@type\":\"Organization\",\"@id\":\"https:\\\/\\\/marvellousvillas.com\\\/tr\\\/#organization\",\"name\":\"Kalkan Majestic Villas\",\"url\":\"https:\\\/\\\/marvellousvillas.com\\\/tr\\\/\",\"logo\":{\"@type\":\"ImageObject\",\"inLanguage\":\"tr\",\"@id\":\"https:\\\/\\\/marvellousvillas.com\\\/tr\\\/#\\\/schema\\\/logo\\\/image\\\/\",\"url\":\"https:\\\/\\\/marvellousvillas.com\\\/wp-content\\\/uploads\\\/logo_kalkanmajesticvillas_black.png\",\"contentUrl\":\"https:\\\/\\\/marvellousvillas.com\\\/wp-content\\\/uploads\\\/logo_kalkanmajesticvillas_black.png\",\"width\":1765,\"height\":436,\"caption\":\"Kalkan Majestic Villas\"},\"image\":{\"@id\":\"https:\\\/\\\/marvellousvillas.com\\\/tr\\\/#\\\/schema\\\/logo\\\/image\\\/\"},\"sameAs\":[\"https:\\\/\\\/www.facebook.com\\\/share\\\/19eZvQNkf5\\\/\",\"https:\\\/\\\/x.com\\\/kalkans_villas\"]}]}<\/script>\n<!-- \/ Yoast SEO plugin. -->","yoast_head_json":{"title":"Hakk\u0131m\u0131zda - Kalkan Marvellous Villas","robots":{"index":"index","follow":"follow","max-snippet":"max-snippet:-1","max-image-preview":"max-image-preview:large","max-video-preview":"max-video-preview:-1"},"canonical":"https:\/\/marvellousvillas.com\/tr\/hakkimizda\/","og_locale":"tr_TR","og_type":"article","og_title":"Hakk\u0131m\u0131zda - Kalkan Marvellous Villas","og_description":"Marvellous Kalkan&#8217;\u0131m\u0131za ho\u015f geldiniz! Sizi, Kalkan Marvellous Villas ile nihai konforu ve l\u00fcks\u00fc deneyimlemeye davet ediyoruz. Kalkan&#8217;\u0131n muazzam \u00e7evresinde, g\u00fcney-bat\u0131 T\u00fcrkiye&#8217;de benzersiz bir tatil deneyimi sunuyoruz. M\u00fckemmel ka\u00e7ama\u011f\u0131n\u0131z burada ba\u015fl\u0131yor. Marvellous Construction Ltd., 2014 y\u0131l\u0131ndan beri kurulmu\u015f olan bir aile \u015firketidir. Kalkan&#8217;da tan\u0131nan ve g\u00fcvenilen bir in\u015faat ve villa bak\u0131m \u015firketidir. Ben, Bilen Yenici, 2007 ...","og_url":"https:\/\/marvellousvillas.com\/tr\/hakkimizda\/","og_site_name":"Kalkan Marvellous Villas","article_publisher":"https:\/\/www.facebook.com\/share\/19eZvQNkf5\/","article_modified_time":"2025-04-27T08:42:14+00:00","twitter_card":"summary_large_image","twitter_site":"@kalkans_villas","twitter_misc":{"Tahmini okuma s\u00fcresi":"2 dakika"},"schema":{"@context":"https:\/\/schema.org","@graph":[{"@type":"WebPage","@id":"https:\/\/marvellousvillas.com\/tr\/hakkimizda\/","url":"https:\/\/marvellousvillas.com\/tr\/hakkimizda\/","name":"Hakk\u0131m\u0131zda - Kalkan Marvellous Villas","isPartOf":{"@id":"https:\/\/marvellousvillas.com\/tr\/#website"},"datePublished":"2025-02-16T08:31:35+00:00","dateModified":"2025-04-27T08:42:14+00:00","breadcrumb":{"@id":"https:\/\/marvellousvillas.com\/tr\/hakkimizda\/#breadcrumb"},"inLanguage":"tr","potentialAction":[{"@type":"ReadAction","target":["https:\/\/marvellousvillas.com\/tr\/hakkimizda\/"]}]},{"@type":"BreadcrumbList","@id":"https:\/\/marvellousvillas.com\/tr\/hakkimizda\/#breadcrumb","itemListElement":[{"@type":"ListItem","position":1,"name":"Home","item":"https:\/\/marvellousvillas.com\/tr\/"},{"@type":"ListItem","position":2,"name":"Hakk\u0131m\u0131zda"}]},{"@type":"WebSite","@id":"https:\/\/marvellousvillas.com\/tr\/#website","url":"https:\/\/marvellousvillas.com\/tr\/","name":"Kalkan Marvellous Villas","description":"Ultimate Comfort and Luxury","publisher":{"@id":"https:\/\/marvellousvillas.com\/tr\/#organization"},"potentialAction":[{"@type":"SearchAction","target":{"@type":"EntryPoint","urlTemplate":"https:\/\/marvellousvillas.com\/tr\/?s={search_term_string}"},"query-input":{"@type":"PropertyValueSpecification","valueRequired":true,"valueName":"search_term_string"}}],"inLanguage":"tr"},{"@type":"Organization","@id":"https:\/\/marvellousvillas.com\/tr\/#organization","name":"Kalkan Majestic Villas","url":"https:\/\/marvellousvillas.com\/tr\/","logo":{"@type":"ImageObject","inLanguage":"tr","@id":"https:\/\/marvellousvillas.com\/tr\/#\/schema\/logo\/image\/","url":"https:\/\/marvellousvillas.com\/wp-content\/uploads\/logo_kalkanmajesticvillas_black.png","contentUrl":"https:\/\/marvellousvillas.com\/wp-content\/uploads\/logo_kalkanmajesticvillas_black.png","width":1765,"height":436,"caption":"Kalkan Majestic Villas"},"image":{"@id":"https:\/\/marvellousvillas.com\/tr\/#\/schema\/logo\/image\/"},"sameAs":["https:\/\/www.facebook.com\/share\/19eZvQNkf5\/","https:\/\/x.com\/kalkans_villas"]}]}},"_links":{"self":[{"href":"https:\/\/marvellousvillas.com\/tr\/wp-json\/wp\/v2\/pages\/20107","targetHints":{"allow":["GET"]}}],"collection":[{"href":"https:\/\/marvellousvillas.com\/tr\/wp-json\/wp\/v2\/pages"}],"about":[{"href":"https:\/\/marvellousvillas.com\/tr\/wp-json\/wp\/v2\/types\/page"}],"author":[{"embeddable":true,"href":"https:\/\/marvellousvillas.com\/tr\/wp-json\/wp\/v2\/users\/1"}],"replies":[{"embeddable":true,"href":"https:\/\/marvellousvillas.com\/tr\/wp-json\/wp\/v2\/comments?post=20107"}],"version-history":[{"count":7,"href":"https:\/\/marvellousvillas.com\/tr\/wp-json\/wp\/v2\/pages\/20107\/revisions"}],"predecessor-version":[{"id":20446,"href":"https:\/\/marvellousvillas.com\/tr\/wp-json\/wp\/v2\/pages\/20107\/revisions\/20446"}],"wp:attachment":[{"href":"https:\/\/marvellousvillas.com\/tr\/wp-json\/wp\/v2\/media?parent=20107"}],"curies":[{"name":"wp","href":"https:\/\/api.w.org\/{rel}","templated":true}]}}