{"id":20115,"date":"2025-02-16T08:33:31","date_gmt":"2025-02-16T08:33:31","guid":{"rendered":"https:\/\/marvellousvillas.com\/transferts-depuis-laeroport\/"},"modified":"2025-02-25T08:39:12","modified_gmt":"2025-02-25T08:39:12","slug":"transferts-depuis-laeroport","status":"publish","type":"page","link":"https:\/\/marvellousvillas.com\/fr\/transferts-depuis-laeroport\/","title":{"rendered":"Transferts depuis l&rsquo;a\u00e9roport"},"content":{"rendered":"\n<p class=\"has-medium-font-size\">Nous sommes l\u00e0 pour vous aider dans vos transferts depuis les a\u00e9roports d&rsquo;<strong>Antalya <\/strong>et de <strong>Dalaman <\/strong>. Veuillez cliquer ici pour nous contacter. <a href=\"https:\/\/marvellousvillas.com\/fr\/?page_id=20116\"><strong>contactez-nous<\/strong><\/a>!<\/p>\n\n<p><\/p>\n\n<figure class=\"wp-block-image size-large is-style-default\"><a href=\"https:\/\/marvellousvillas.com\/wp-content\/uploads\/airport.jpg\"><img fetchpriority=\"high\" decoding=\"async\" width=\"1024\" height=\"768\" src=\"https:\/\/marvellousvillas.com\/wp-content\/uploads\/airport-1024x768.jpg\" alt=\"\" class=\"wp-image-19397\" srcset=\"https:\/\/marvellousvillas.com\/wp-content\/uploads\/airport-1024x768.jpg 1024w, https:\/\/marvellousvillas.com\/wp-content\/uploads\/airport-300x225.jpg 300w, https:\/\/marvellousvillas.com\/wp-content\/uploads\/airport-768x576.jpg 768w, https:\/\/marvellousvillas.com\/wp-content\/uploads\/airport-600x450.jpg 600w, https:\/\/marvellousvillas.com\/wp-content\/uploads\/airport.jpg 1365w\" sizes=\"(max-width: 1024px) 100vw, 1024px\" \/><\/a><\/figure>\n","protected":false},"excerpt":{"rendered":"<p>Nous sommes l\u00e0 pour vous aider dans vos transferts depuis les a\u00e9roports d&rsquo;Antalya et de Dalaman . Veuillez cliquer ici pour nous contacter. contactez-nous!<\/p>\n","protected":false},"author":1,"featured_media":0,"parent":0,"menu_order":0,"comment_status":"closed","ping_status":"closed","template":"","meta":{"inline_featured_image":false,"footnotes":""},"class_list":["post-20115","page","type-page","status-publish","hentry"],"yoast_head":"<!-- This site is optimized with the Yoast SEO plugin v27.5 - https:\/\/yoast.com\/product\/yoast-seo-wordpress\/ -->\n<title>Transferts depuis l&#039;a\u00e9roport - Kalkan Marvellous Villas<\/title>\n<meta name=\"robots\" content=\"index, follow, max-snippet:-1, max-image-preview:large, max-video-preview:-1\" \/>\n<link rel=\"canonical\" href=\"https:\/\/marvellousvillas.com\/fr\/transferts-depuis-laeroport\/\" \/>\n<meta property=\"og:locale\" content=\"fr_FR\" \/>\n<meta property=\"og:type\" content=\"article\" \/>\n<meta property=\"og:title\" content=\"Transferts depuis l&#039;a\u00e9roport - Kalkan Marvellous Villas\" \/>\n<meta property=\"og:description\" content=\"Nous sommes l\u00e0 pour vous aider dans vos transferts depuis les a\u00e9roports d&rsquo;Antalya et de Dalaman . Veuillez cliquer ici pour nous contacter. contactez-nous!\" \/>\n<meta property=\"og:url\" content=\"https:\/\/marvellousvillas.com\/fr\/transferts-depuis-laeroport\/\" \/>\n<meta property=\"og:site_name\" content=\"Kalkan Marvellous Villas\" \/>\n<meta property=\"article:publisher\" content=\"https:\/\/www.facebook.com\/share\/19eZvQNkf5\/\" \/>\n<meta property=\"article:modified_time\" content=\"2025-02-25T08:39:12+00:00\" \/>\n<meta property=\"og:image\" content=\"https:\/\/marvellousvillas.com\/wp-content\/uploads\/airport-1024x768.jpg\" \/>\n<meta name=\"twitter:card\" content=\"summary_large_image\" \/>\n<meta name=\"twitter:site\" content=\"@kalkans_villas\" \/>\n<script type=\"application\/ld+json\" class=\"yoast-schema-graph\">{\"@context\":\"https:\\\/\\\/schema.org\",\"@graph\":[{\"@type\":\"WebPage\",\"@id\":\"https:\\\/\\\/marvellousvillas.com\\\/fr\\\/transferts-depuis-laeroport\\\/\",\"url\":\"https:\\\/\\\/marvellousvillas.com\\\/fr\\\/transferts-depuis-laeroport\\\/\",\"name\":\"Transferts depuis l'a\u00e9roport - Kalkan Marvellous Villas\",\"isPartOf\":{\"@id\":\"https:\\\/\\\/marvellousvillas.com\\\/fr\\\/#website\"},\"primaryImageOfPage\":{\"@id\":\"https:\\\/\\\/marvellousvillas.com\\\/fr\\\/transferts-depuis-laeroport\\\/#primaryimage\"},\"image\":{\"@id\":\"https:\\\/\\\/marvellousvillas.com\\\/fr\\\/transferts-depuis-laeroport\\\/#primaryimage\"},\"thumbnailUrl\":\"https:\\\/\\\/marvellousvillas.com\\\/wp-content\\\/uploads\\\/airport-1024x768.jpg\",\"datePublished\":\"2025-02-16T08:33:31+00:00\",\"dateModified\":\"2025-02-25T08:39:12+00:00\",\"breadcrumb\":{\"@id\":\"https:\\\/\\\/marvellousvillas.com\\\/fr\\\/transferts-depuis-laeroport\\\/#breadcrumb\"},\"inLanguage\":\"fr-FR\",\"potentialAction\":[{\"@type\":\"ReadAction\",\"target\":[\"https:\\\/\\\/marvellousvillas.com\\\/fr\\\/transferts-depuis-laeroport\\\/\"]}]},{\"@type\":\"ImageObject\",\"inLanguage\":\"fr-FR\",\"@id\":\"https:\\\/\\\/marvellousvillas.com\\\/fr\\\/transferts-depuis-laeroport\\\/#primaryimage\",\"url\":\"https:\\\/\\\/marvellousvillas.com\\\/wp-content\\\/uploads\\\/airport-1024x768.jpg\",\"contentUrl\":\"https:\\\/\\\/marvellousvillas.com\\\/wp-content\\\/uploads\\\/airport-1024x768.jpg\"},{\"@type\":\"BreadcrumbList\",\"@id\":\"https:\\\/\\\/marvellousvillas.com\\\/fr\\\/transferts-depuis-laeroport\\\/#breadcrumb\",\"itemListElement\":[{\"@type\":\"ListItem\",\"position\":1,\"name\":\"Home\",\"item\":\"https:\\\/\\\/marvellousvillas.com\\\/fr\\\/\"},{\"@type\":\"ListItem\",\"position\":2,\"name\":\"Transferts depuis l&#8217;a\u00e9roport\"}]},{\"@type\":\"WebSite\",\"@id\":\"https:\\\/\\\/marvellousvillas.com\\\/fr\\\/#website\",\"url\":\"https:\\\/\\\/marvellousvillas.com\\\/fr\\\/\",\"name\":\"Kalkan Marvellous Villas\",\"description\":\"Ultimate Comfort and Luxury\",\"publisher\":{\"@id\":\"https:\\\/\\\/marvellousvillas.com\\\/fr\\\/#organization\"},\"potentialAction\":[{\"@type\":\"SearchAction\",\"target\":{\"@type\":\"EntryPoint\",\"urlTemplate\":\"https:\\\/\\\/marvellousvillas.com\\\/fr\\\/?s={search_term_string}\"},\"query-input\":{\"@type\":\"PropertyValueSpecification\",\"valueRequired\":true,\"valueName\":\"search_term_string\"}}],\"inLanguage\":\"fr-FR\"},{\"@type\":\"Organization\",\"@id\":\"https:\\\/\\\/marvellousvillas.com\\\/fr\\\/#organization\",\"name\":\"Kalkan Majestic Villas\",\"url\":\"https:\\\/\\\/marvellousvillas.com\\\/fr\\\/\",\"logo\":{\"@type\":\"ImageObject\",\"inLanguage\":\"fr-FR\",\"@id\":\"https:\\\/\\\/marvellousvillas.com\\\/fr\\\/#\\\/schema\\\/logo\\\/image\\\/\",\"url\":\"https:\\\/\\\/marvellousvillas.com\\\/wp-content\\\/uploads\\\/logo_kalkanmajesticvillas_black.png\",\"contentUrl\":\"https:\\\/\\\/marvellousvillas.com\\\/wp-content\\\/uploads\\\/logo_kalkanmajesticvillas_black.png\",\"width\":1765,\"height\":436,\"caption\":\"Kalkan Majestic Villas\"},\"image\":{\"@id\":\"https:\\\/\\\/marvellousvillas.com\\\/fr\\\/#\\\/schema\\\/logo\\\/image\\\/\"},\"sameAs\":[\"https:\\\/\\\/www.facebook.com\\\/share\\\/19eZvQNkf5\\\/\",\"https:\\\/\\\/x.com\\\/kalkans_villas\"]}]}<\/script>\n<!-- \/ Yoast SEO plugin. -->","yoast_head_json":{"title":"Transferts depuis l'a\u00e9roport - Kalkan Marvellous Villas","robots":{"index":"index","follow":"follow","max-snippet":"max-snippet:-1","max-image-preview":"max-image-preview:large","max-video-preview":"max-video-preview:-1"},"canonical":"https:\/\/marvellousvillas.com\/fr\/transferts-depuis-laeroport\/","og_locale":"fr_FR","og_type":"article","og_title":"Transferts depuis l'a\u00e9roport - Kalkan Marvellous Villas","og_description":"Nous sommes l\u00e0 pour vous aider dans vos transferts depuis les a\u00e9roports d&rsquo;Antalya et de Dalaman . Veuillez cliquer ici pour nous contacter. contactez-nous!","og_url":"https:\/\/marvellousvillas.com\/fr\/transferts-depuis-laeroport\/","og_site_name":"Kalkan Marvellous Villas","article_publisher":"https:\/\/www.facebook.com\/share\/19eZvQNkf5\/","article_modified_time":"2025-02-25T08:39:12+00:00","og_image":[{"url":"https:\/\/marvellousvillas.com\/wp-content\/uploads\/airport-1024x768.jpg","type":"","width":"","height":""}],"twitter_card":"summary_large_image","twitter_site":"@kalkans_villas","schema":{"@context":"https:\/\/schema.org","@graph":[{"@type":"WebPage","@id":"https:\/\/marvellousvillas.com\/fr\/transferts-depuis-laeroport\/","url":"https:\/\/marvellousvillas.com\/fr\/transferts-depuis-laeroport\/","name":"Transferts depuis l'a\u00e9roport - Kalkan Marvellous Villas","isPartOf":{"@id":"https:\/\/marvellousvillas.com\/fr\/#website"},"primaryImageOfPage":{"@id":"https:\/\/marvellousvillas.com\/fr\/transferts-depuis-laeroport\/#primaryimage"},"image":{"@id":"https:\/\/marvellousvillas.com\/fr\/transferts-depuis-laeroport\/#primaryimage"},"thumbnailUrl":"https:\/\/marvellousvillas.com\/wp-content\/uploads\/airport-1024x768.jpg","datePublished":"2025-02-16T08:33:31+00:00","dateModified":"2025-02-25T08:39:12+00:00","breadcrumb":{"@id":"https:\/\/marvellousvillas.com\/fr\/transferts-depuis-laeroport\/#breadcrumb"},"inLanguage":"fr-FR","potentialAction":[{"@type":"ReadAction","target":["https:\/\/marvellousvillas.com\/fr\/transferts-depuis-laeroport\/"]}]},{"@type":"ImageObject","inLanguage":"fr-FR","@id":"https:\/\/marvellousvillas.com\/fr\/transferts-depuis-laeroport\/#primaryimage","url":"https:\/\/marvellousvillas.com\/wp-content\/uploads\/airport-1024x768.jpg","contentUrl":"https:\/\/marvellousvillas.com\/wp-content\/uploads\/airport-1024x768.jpg"},{"@type":"BreadcrumbList","@id":"https:\/\/marvellousvillas.com\/fr\/transferts-depuis-laeroport\/#breadcrumb","itemListElement":[{"@type":"ListItem","position":1,"name":"Home","item":"https:\/\/marvellousvillas.com\/fr\/"},{"@type":"ListItem","position":2,"name":"Transferts depuis l&#8217;a\u00e9roport"}]},{"@type":"WebSite","@id":"https:\/\/marvellousvillas.com\/fr\/#website","url":"https:\/\/marvellousvillas.com\/fr\/","name":"Kalkan Marvellous Villas","description":"Ultimate Comfort and Luxury","publisher":{"@id":"https:\/\/marvellousvillas.com\/fr\/#organization"},"potentialAction":[{"@type":"SearchAction","target":{"@type":"EntryPoint","urlTemplate":"https:\/\/marvellousvillas.com\/fr\/?s={search_term_string}"},"query-input":{"@type":"PropertyValueSpecification","valueRequired":true,"valueName":"search_term_string"}}],"inLanguage":"fr-FR"},{"@type":"Organization","@id":"https:\/\/marvellousvillas.com\/fr\/#organization","name":"Kalkan Majestic Villas","url":"https:\/\/marvellousvillas.com\/fr\/","logo":{"@type":"ImageObject","inLanguage":"fr-FR","@id":"https:\/\/marvellousvillas.com\/fr\/#\/schema\/logo\/image\/","url":"https:\/\/marvellousvillas.com\/wp-content\/uploads\/logo_kalkanmajesticvillas_black.png","contentUrl":"https:\/\/marvellousvillas.com\/wp-content\/uploads\/logo_kalkanmajesticvillas_black.png","width":1765,"height":436,"caption":"Kalkan Majestic Villas"},"image":{"@id":"https:\/\/marvellousvillas.com\/fr\/#\/schema\/logo\/image\/"},"sameAs":["https:\/\/www.facebook.com\/share\/19eZvQNkf5\/","https:\/\/x.com\/kalkans_villas"]}]}},"_links":{"self":[{"href":"https:\/\/marvellousvillas.com\/fr\/wp-json\/wp\/v2\/pages\/20115","targetHints":{"allow":["GET"]}}],"collection":[{"href":"https:\/\/marvellousvillas.com\/fr\/wp-json\/wp\/v2\/pages"}],"about":[{"href":"https:\/\/marvellousvillas.com\/fr\/wp-json\/wp\/v2\/types\/page"}],"author":[{"embeddable":true,"href":"https:\/\/marvellousvillas.com\/fr\/wp-json\/wp\/v2\/users\/1"}],"replies":[{"embeddable":true,"href":"https:\/\/marvellousvillas.com\/fr\/wp-json\/wp\/v2\/comments?post=20115"}],"version-history":[{"count":4,"href":"https:\/\/marvellousvillas.com\/fr\/wp-json\/wp\/v2\/pages\/20115\/revisions"}],"predecessor-version":[{"id":20141,"href":"https:\/\/marvellousvillas.com\/fr\/wp-json\/wp\/v2\/pages\/20115\/revisions\/20141"}],"wp:attachment":[{"href":"https:\/\/marvellousvillas.com\/fr\/wp-json\/wp\/v2\/media?parent=20115"}],"curies":[{"name":"wp","href":"https:\/\/api.w.org\/{rel}","templated":true}]}}