{"id":20108,"date":"2025-02-16T08:31:35","date_gmt":"2025-02-16T08:31:35","guid":{"rendered":"https:\/\/marvellousvillas.com\/a-propos-de-nous\/"},"modified":"2025-04-27T08:32:34","modified_gmt":"2025-04-27T08:32:34","slug":"a-propos-de-nous","status":"publish","type":"page","link":"https:\/\/marvellousvillas.com\/fr\/a-propos-de-nous\/","title":{"rendered":"A propos de nous"},"content":{"rendered":"\n<p style=\"font-size:17px\">Bienvenue dans notre Merveilleux Kalkan !<\/p>\n\n<p style=\"font-size:17px\">Nous vous invitons \u00e0 d\u00e9couvrir le confort et le luxe ultimes avec Kalkan Marvellous Villas. Nous offrons une exp\u00e9rience de vacances unique dans le cadre magnifique de Kalkan, au sud-ouest de la Turquie. Votre escapade parfaite commence ici.<\/p>\n\n<p style=\"font-size:17px\">Marvellous Construction Ltd. est une entreprise familiale fond\u00e9e en 2014. C\u2019est une entreprise de construction et d\u2019entretien de villas bien connue et de confiance \u00e0 Kalkan.<\/p>\n\n<p style=\"font-size:17px\">Moi-m\u00eame, Bilen Yenici, j&rsquo;ai \u00e9migr\u00e9 des \u00c9tats-Unis en 2007 avec mon \u00e9pouse Esra Yenici, originaire de Munich, en Allemagne. Nous avons tous les deux des origines turques. J&rsquo;avais ma propre entreprise de logistique aux \u00c9tats-Unis et Esra avait \u00e9tudi\u00e9 la traduction \u00e9conomique anglais\/fran\u00e7ais\/allemand \u00e0 l&rsquo;Institut des Langues \u00c9trang\u00e8res de la capitale d&rsquo;\u00c9tat de Munich.<\/p>\n\n<p style=\"font-size:17px\">Afin de comprendre et d&rsquo;apprendre la satisfaction client selon les normes les plus \u00e9lev\u00e9es, nous avons occup\u00e9 des postes de direction dans des stations de ski \u00e0 Haute-Nendaz (Canton, Suisse), Les-Arcs (Savoie, France) et Samoens (r\u00e9gion Auvergne-Rh\u00f4ne-Alpes dans le sud-est de la France).<\/p>\n\n<p style=\"font-size:17px\">Apr\u00e8s de nombreuses ann\u00e9es pass\u00e9es dans nos m\u00e9tiers qualifi\u00e9s, nous avons d\u00e9cid\u00e9 d&rsquo;essayer quelque chose de nouveau et de stimulant, tout en nous installant pour \u00e9lever notre famille. C&rsquo;est \u00e0 ce moment-l\u00e0 que nous avons d\u00e9couvert le \u00ab\u00a0Paradis\u00a0\u00bb Kalkan.<\/p>\n\n<p style=\"font-size:17px\">\u00c0 Kalkan, nous avons g\u00e9r\u00e9 des restaurants avec succ\u00e8s et nous nous sommes d\u00e9velopp\u00e9s dans le domaine de la construction et de l&rsquo;immobilier. Avec ma licence de chef de projet et mon exp\u00e9rience, j&rsquo;ai construit des villas luxueuses \u00e0 Kalkan, que nous vendons et louons depuis de nombreuses ann\u00e9es.<\/p>\n\n<p style=\"font-size:17px\">Le portefeuille de notre entreprise comprend le d\u00e9veloppement immobilier, la gestion et l&rsquo;entretien de propri\u00e9t\u00e9s, la location de villas et le service de traiteur ext\u00e9rieur.<\/p>\n\n<p style=\"font-size:17px\">Dans l&rsquo;ensemble, nous sommes heureux d&rsquo;offrir \u00e0 nos invit\u00e9s le meilleur service et une exp\u00e9rience de qualit\u00e9 lors de leurs vacances bien m\u00e9rit\u00e9es \u00e0 Marvellous Kalkan.<\/p>\n","protected":false},"excerpt":{"rendered":"<p>Bienvenue dans notre Merveilleux Kalkan ! Nous vous invitons \u00e0 d\u00e9couvrir le confort et le luxe ultimes avec Kalkan Marvellous Villas. Nous offrons une exp\u00e9rience de vacances unique dans le cadre magnifique de Kalkan, au sud-ouest de la Turquie. Votre escapade parfaite commence ici. Marvellous Construction Ltd. est une entreprise familiale fond\u00e9e en 2014. C\u2019est &#8230;<\/p>\n","protected":false},"author":1,"featured_media":0,"parent":0,"menu_order":0,"comment_status":"closed","ping_status":"closed","template":"","meta":{"inline_featured_image":false,"footnotes":""},"class_list":["post-20108","page","type-page","status-publish","hentry"],"yoast_head":"<!-- This site is optimized with the Yoast SEO plugin v27.5 - https:\/\/yoast.com\/product\/yoast-seo-wordpress\/ -->\n<title>A propos de nous - Kalkan Marvellous Villas<\/title>\n<meta name=\"robots\" content=\"index, follow, max-snippet:-1, max-image-preview:large, max-video-preview:-1\" \/>\n<link rel=\"canonical\" href=\"https:\/\/marvellousvillas.com\/fr\/a-propos-de-nous\/\" \/>\n<meta property=\"og:locale\" content=\"fr_FR\" \/>\n<meta property=\"og:type\" content=\"article\" \/>\n<meta property=\"og:title\" content=\"A propos de nous - Kalkan Marvellous Villas\" \/>\n<meta property=\"og:description\" content=\"Bienvenue dans notre Merveilleux Kalkan ! Nous vous invitons \u00e0 d\u00e9couvrir le confort et le luxe ultimes avec Kalkan Marvellous Villas. Nous offrons une exp\u00e9rience de vacances unique dans le cadre magnifique de Kalkan, au sud-ouest de la Turquie. Votre escapade parfaite commence ici. Marvellous Construction Ltd. est une entreprise familiale fond\u00e9e en 2014. C\u2019est ...\" \/>\n<meta property=\"og:url\" content=\"https:\/\/marvellousvillas.com\/fr\/a-propos-de-nous\/\" \/>\n<meta property=\"og:site_name\" content=\"Kalkan Marvellous Villas\" \/>\n<meta property=\"article:publisher\" content=\"https:\/\/www.facebook.com\/share\/19eZvQNkf5\/\" \/>\n<meta property=\"article:modified_time\" content=\"2025-04-27T08:32:34+00:00\" \/>\n<meta name=\"twitter:card\" content=\"summary_large_image\" \/>\n<meta name=\"twitter:site\" content=\"@kalkans_villas\" \/>\n<meta name=\"twitter:label1\" content=\"Dur\u00e9e de lecture estim\u00e9e\" \/>\n\t<meta name=\"twitter:data1\" content=\"1 minute\" \/>\n<script type=\"application\/ld+json\" class=\"yoast-schema-graph\">{\"@context\":\"https:\\\/\\\/schema.org\",\"@graph\":[{\"@type\":\"WebPage\",\"@id\":\"https:\\\/\\\/marvellousvillas.com\\\/fr\\\/a-propos-de-nous\\\/\",\"url\":\"https:\\\/\\\/marvellousvillas.com\\\/fr\\\/a-propos-de-nous\\\/\",\"name\":\"A propos de nous - Kalkan Marvellous Villas\",\"isPartOf\":{\"@id\":\"https:\\\/\\\/marvellousvillas.com\\\/fr\\\/#website\"},\"datePublished\":\"2025-02-16T08:31:35+00:00\",\"dateModified\":\"2025-04-27T08:32:34+00:00\",\"breadcrumb\":{\"@id\":\"https:\\\/\\\/marvellousvillas.com\\\/fr\\\/a-propos-de-nous\\\/#breadcrumb\"},\"inLanguage\":\"fr-FR\",\"potentialAction\":[{\"@type\":\"ReadAction\",\"target\":[\"https:\\\/\\\/marvellousvillas.com\\\/fr\\\/a-propos-de-nous\\\/\"]}]},{\"@type\":\"BreadcrumbList\",\"@id\":\"https:\\\/\\\/marvellousvillas.com\\\/fr\\\/a-propos-de-nous\\\/#breadcrumb\",\"itemListElement\":[{\"@type\":\"ListItem\",\"position\":1,\"name\":\"Home\",\"item\":\"https:\\\/\\\/marvellousvillas.com\\\/fr\\\/\"},{\"@type\":\"ListItem\",\"position\":2,\"name\":\"A propos de nous\"}]},{\"@type\":\"WebSite\",\"@id\":\"https:\\\/\\\/marvellousvillas.com\\\/fr\\\/#website\",\"url\":\"https:\\\/\\\/marvellousvillas.com\\\/fr\\\/\",\"name\":\"Kalkan Marvellous Villas\",\"description\":\"Ultimate Comfort and Luxury\",\"publisher\":{\"@id\":\"https:\\\/\\\/marvellousvillas.com\\\/fr\\\/#organization\"},\"potentialAction\":[{\"@type\":\"SearchAction\",\"target\":{\"@type\":\"EntryPoint\",\"urlTemplate\":\"https:\\\/\\\/marvellousvillas.com\\\/fr\\\/?s={search_term_string}\"},\"query-input\":{\"@type\":\"PropertyValueSpecification\",\"valueRequired\":true,\"valueName\":\"search_term_string\"}}],\"inLanguage\":\"fr-FR\"},{\"@type\":\"Organization\",\"@id\":\"https:\\\/\\\/marvellousvillas.com\\\/fr\\\/#organization\",\"name\":\"Kalkan Majestic Villas\",\"url\":\"https:\\\/\\\/marvellousvillas.com\\\/fr\\\/\",\"logo\":{\"@type\":\"ImageObject\",\"inLanguage\":\"fr-FR\",\"@id\":\"https:\\\/\\\/marvellousvillas.com\\\/fr\\\/#\\\/schema\\\/logo\\\/image\\\/\",\"url\":\"https:\\\/\\\/marvellousvillas.com\\\/wp-content\\\/uploads\\\/logo_kalkanmajesticvillas_black.png\",\"contentUrl\":\"https:\\\/\\\/marvellousvillas.com\\\/wp-content\\\/uploads\\\/logo_kalkanmajesticvillas_black.png\",\"width\":1765,\"height\":436,\"caption\":\"Kalkan Majestic Villas\"},\"image\":{\"@id\":\"https:\\\/\\\/marvellousvillas.com\\\/fr\\\/#\\\/schema\\\/logo\\\/image\\\/\"},\"sameAs\":[\"https:\\\/\\\/www.facebook.com\\\/share\\\/19eZvQNkf5\\\/\",\"https:\\\/\\\/x.com\\\/kalkans_villas\"]}]}<\/script>\n<!-- \/ Yoast SEO plugin. -->","yoast_head_json":{"title":"A propos de nous - Kalkan Marvellous Villas","robots":{"index":"index","follow":"follow","max-snippet":"max-snippet:-1","max-image-preview":"max-image-preview:large","max-video-preview":"max-video-preview:-1"},"canonical":"https:\/\/marvellousvillas.com\/fr\/a-propos-de-nous\/","og_locale":"fr_FR","og_type":"article","og_title":"A propos de nous - Kalkan Marvellous Villas","og_description":"Bienvenue dans notre Merveilleux Kalkan ! Nous vous invitons \u00e0 d\u00e9couvrir le confort et le luxe ultimes avec Kalkan Marvellous Villas. Nous offrons une exp\u00e9rience de vacances unique dans le cadre magnifique de Kalkan, au sud-ouest de la Turquie. Votre escapade parfaite commence ici. Marvellous Construction Ltd. est une entreprise familiale fond\u00e9e en 2014. C\u2019est ...","og_url":"https:\/\/marvellousvillas.com\/fr\/a-propos-de-nous\/","og_site_name":"Kalkan Marvellous Villas","article_publisher":"https:\/\/www.facebook.com\/share\/19eZvQNkf5\/","article_modified_time":"2025-04-27T08:32:34+00:00","twitter_card":"summary_large_image","twitter_site":"@kalkans_villas","twitter_misc":{"Dur\u00e9e de lecture estim\u00e9e":"1 minute"},"schema":{"@context":"https:\/\/schema.org","@graph":[{"@type":"WebPage","@id":"https:\/\/marvellousvillas.com\/fr\/a-propos-de-nous\/","url":"https:\/\/marvellousvillas.com\/fr\/a-propos-de-nous\/","name":"A propos de nous - Kalkan Marvellous Villas","isPartOf":{"@id":"https:\/\/marvellousvillas.com\/fr\/#website"},"datePublished":"2025-02-16T08:31:35+00:00","dateModified":"2025-04-27T08:32:34+00:00","breadcrumb":{"@id":"https:\/\/marvellousvillas.com\/fr\/a-propos-de-nous\/#breadcrumb"},"inLanguage":"fr-FR","potentialAction":[{"@type":"ReadAction","target":["https:\/\/marvellousvillas.com\/fr\/a-propos-de-nous\/"]}]},{"@type":"BreadcrumbList","@id":"https:\/\/marvellousvillas.com\/fr\/a-propos-de-nous\/#breadcrumb","itemListElement":[{"@type":"ListItem","position":1,"name":"Home","item":"https:\/\/marvellousvillas.com\/fr\/"},{"@type":"ListItem","position":2,"name":"A propos de nous"}]},{"@type":"WebSite","@id":"https:\/\/marvellousvillas.com\/fr\/#website","url":"https:\/\/marvellousvillas.com\/fr\/","name":"Kalkan Marvellous Villas","description":"Ultimate Comfort and Luxury","publisher":{"@id":"https:\/\/marvellousvillas.com\/fr\/#organization"},"potentialAction":[{"@type":"SearchAction","target":{"@type":"EntryPoint","urlTemplate":"https:\/\/marvellousvillas.com\/fr\/?s={search_term_string}"},"query-input":{"@type":"PropertyValueSpecification","valueRequired":true,"valueName":"search_term_string"}}],"inLanguage":"fr-FR"},{"@type":"Organization","@id":"https:\/\/marvellousvillas.com\/fr\/#organization","name":"Kalkan Majestic Villas","url":"https:\/\/marvellousvillas.com\/fr\/","logo":{"@type":"ImageObject","inLanguage":"fr-FR","@id":"https:\/\/marvellousvillas.com\/fr\/#\/schema\/logo\/image\/","url":"https:\/\/marvellousvillas.com\/wp-content\/uploads\/logo_kalkanmajesticvillas_black.png","contentUrl":"https:\/\/marvellousvillas.com\/wp-content\/uploads\/logo_kalkanmajesticvillas_black.png","width":1765,"height":436,"caption":"Kalkan Majestic Villas"},"image":{"@id":"https:\/\/marvellousvillas.com\/fr\/#\/schema\/logo\/image\/"},"sameAs":["https:\/\/www.facebook.com\/share\/19eZvQNkf5\/","https:\/\/x.com\/kalkans_villas"]}]}},"_links":{"self":[{"href":"https:\/\/marvellousvillas.com\/fr\/wp-json\/wp\/v2\/pages\/20108","targetHints":{"allow":["GET"]}}],"collection":[{"href":"https:\/\/marvellousvillas.com\/fr\/wp-json\/wp\/v2\/pages"}],"about":[{"href":"https:\/\/marvellousvillas.com\/fr\/wp-json\/wp\/v2\/types\/page"}],"author":[{"embeddable":true,"href":"https:\/\/marvellousvillas.com\/fr\/wp-json\/wp\/v2\/users\/1"}],"replies":[{"embeddable":true,"href":"https:\/\/marvellousvillas.com\/fr\/wp-json\/wp\/v2\/comments?post=20108"}],"version-history":[{"count":4,"href":"https:\/\/marvellousvillas.com\/fr\/wp-json\/wp\/v2\/pages\/20108\/revisions"}],"predecessor-version":[{"id":20440,"href":"https:\/\/marvellousvillas.com\/fr\/wp-json\/wp\/v2\/pages\/20108\/revisions\/20440"}],"wp:attachment":[{"href":"https:\/\/marvellousvillas.com\/fr\/wp-json\/wp\/v2\/media?parent=20108"}],"curies":[{"name":"wp","href":"https:\/\/api.w.org\/{rel}","templated":true}]}}